{"id":94,"date":"2026-01-07T16:06:32","date_gmt":"2026-01-07T16:06:32","guid":{"rendered":"https:\/\/corniver.com\/?page_id=94"},"modified":"2026-01-30T19:41:06","modified_gmt":"2026-01-30T19:41:06","slug":"compactors","status":"publish","type":"page","link":"https:\/\/corniver.com\/pt\/compactors\/","title":{"rendered":"Compactadores"},"content":{"rendered":"<div data-elementor-type=\"wp-page\" data-elementor-id=\"94\" class=\"elementor elementor-94\" data-elementor-post-type=\"page\">\n\t\t\t\t<div class=\"elementor-element elementor-element-4e9a1e4 e-flex e-con-boxed e-con e-parent\" data-id=\"4e9a1e4\" data-element_type=\"container\" data-e-type=\"container\" data-settings=\"{&quot;background_background&quot;:&quot;classic&quot;}\">\n\t\t\t\t\t<div class=\"e-con-inner\">\n\t\t<div class=\"elementor-element elementor-element-8669521 e-con-full e-flex e-con e-child\" data-id=\"8669521\" data-element_type=\"container\" data-e-type=\"container\">\n\t\t\t\t<div class=\"elementor-element elementor-element-761010c elementor-widget elementor-widget-heading\" data-id=\"761010c\" data-element_type=\"widget\" data-e-type=\"widget\" data-widget_type=\"heading.default\">\n\t\t\t\t\t<h1 class=\"elementor-heading-title elementor-size-default\">Rolos vibrat\u00f3rios <br> de alto desempenho<\/h1>\t\t\t\t<\/div>\n\t\t\t\t<div class=\"elementor-element elementor-element-aa66900 elementor-widget elementor-widget-text-editor\" data-id=\"aa66900\" data-element_type=\"widget\" data-e-type=\"widget\" data-widget_type=\"text-editor.default\">\n\t\t\t\t\t\t\t\t\t<p>Obtenha compacta\u00e7\u00e3o superior com um rolo vibrat\u00f3rio. Explore nossa linha de modelos e recursos.<\/p>\t\t\t\t\t\t\t\t<\/div>\n\t\t\t\t<div class=\"elementor-element elementor-element-633a6db elementor-align-center elementor-widget elementor-widget-button\" data-id=\"633a6db\" data-element_type=\"widget\" data-e-type=\"widget\" data-widget_type=\"button.default\">\n\t\t\t\t\t\t\t\t\t\t<a class=\"elementor-button elementor-button-link elementor-size-sm\" href=\"#rollers\">\n\t\t\t\t\t\t<span class=\"elementor-button-content-wrapper\">\n\t\t\t\t\t\t\t\t\t<span class=\"elementor-button-text\">Explorar<\/span>\n\t\t\t\t\t<\/span>\n\t\t\t\t\t<\/a>\n\t\t\t\t\t\t\t\t<\/div>\n\t\t\t\t<\/div>\n\t\t\t\t\t<\/div>\n\t\t\t\t<\/div>\n\t\t<div class=\"elementor-element elementor-element-0931a2f e-flex e-con-boxed e-con e-parent\" data-id=\"0931a2f\" data-element_type=\"container\" data-e-type=\"container\">\n\t\t\t\t\t<div class=\"e-con-inner\">\n\t\t<div class=\"elementor-element elementor-element-c659a47 e-con-full e-flex e-con e-child\" data-id=\"c659a47\" data-element_type=\"container\" data-e-type=\"container\">\n\t\t\t\t<div class=\"elementor-element elementor-element-df55aef elementor-widget elementor-widget-heading\" data-id=\"df55aef\" data-element_type=\"widget\" data-e-type=\"widget\" data-widget_type=\"heading.default\">\n\t\t\t\t\t<h2 class=\"elementor-heading-title elementor-size-default\">PROJETADOS PARA M\u00c1XIMA COMPACTA\u00c7\u00c3O, SEGURAN\u00c7A E EFICI\u00caNCIA<\/h2>\t\t\t\t<\/div>\n\t\t\t\t<div class=\"elementor-element elementor-element-4f67829 elementor-widget elementor-widget-text-editor\" data-id=\"4f67829\" data-element_type=\"widget\" data-e-type=\"widget\" data-widget_type=\"text-editor.default\">\n\t\t\t\t\t\t\t\t\t<p>Obtenha desempenho excepcional de compacta\u00e7\u00e3o com os rolos vibrat\u00f3rios de operador embarcado da CORNIVER, projetados para superar placas vibrat\u00f3rias e rolos compactadores manuais. Gra\u00e7as ao mecanismo vibrat\u00f3rio de \u00faltima gera\u00e7\u00e3o integrado ao tambor, os rolos CORNIVER superam at\u00e9 mesmo o desempenho de modelos mais pesados e com tambor simples mais largo dispon\u00edveis no mercado.<\/p><p>Nossa linha CT oferece uma solu\u00e7\u00e3o para cada necessidade de compacta\u00e7\u00e3o \u2014 desde o <span style=\"text-decoration: underline;\"><a href=\"https:\/\/corniver.com\/pt\/ct55\/\">CT 55<\/a><\/span> para m\u00e1xima pot\u00eancia, at\u00e9 o <span style=\"text-decoration: underline;\"><a href=\"https:\/\/corniver.com\/pt\/ct40\/\">CT 40<\/a><\/span> e o <a href=\"https:\/\/corniver.com\/pt\/ct48\/\"><span style=\"text-decoration: underline;\">CT 48<\/span><\/a> que se destacam pela excelente manobrabilidade e precis\u00e3o.<\/p><p>Cada rolo vibrat\u00f3rio CORNIVER \u00e9 projetado para ser o mais curto da categoria (para manobrabilidade incompar\u00e1vel), o mais leve (para transporte facilitado) e com o menor centro de gravidade (para m\u00e1xima estabilidade), entregando consistentemente o mais alto desempenho de compacta\u00e7\u00e3o da sua classe.<\/p>\t\t\t\t\t\t\t\t<\/div>\n\t\t\t\t<\/div>\n\t\t\t\t\t<\/div>\n\t\t\t\t<\/div>\n\t\t<div class=\"elementor-element elementor-element-5d1b3a1 e-flex e-con-boxed e-con e-parent\" data-id=\"5d1b3a1\" data-element_type=\"container\" data-e-type=\"container\" id=\"rollers\" data-settings=\"{&quot;background_background&quot;:&quot;classic&quot;}\">\n\t\t\t\t\t<div class=\"e-con-inner\">\n\t\t<div class=\"elementor-element elementor-element-d142ed2 e-grid e-con-full e-con e-child\" data-id=\"d142ed2\" data-element_type=\"container\" data-e-type=\"container\">\n\t\t\t\t<div class=\"elementor-element elementor-element-fc6234a elementor-widget elementor-widget-image\" data-id=\"fc6234a\" data-element_type=\"widget\" data-e-type=\"widget\" data-widget_type=\"image.default\">\n\t\t\t\t\t\t\t\t\t\t\t\t\t\t\t<img fetchpriority=\"high\" decoding=\"async\" width=\"768\" height=\"741\" src=\"https:\/\/corniver.com\/wp-content\/uploads\/2026\/01\/CT40-768x741.webp\" class=\"attachment-medium_large size-medium_large wp-image-908\" alt=\"\" srcset=\"https:\/\/corniver.com\/wp-content\/uploads\/2026\/01\/CT40-768x741.webp 768w, https:\/\/corniver.com\/wp-content\/uploads\/2026\/01\/CT40-300x290.webp 300w, https:\/\/corniver.com\/wp-content\/uploads\/2026\/01\/CT40-12x12.webp 12w, https:\/\/corniver.com\/wp-content\/uploads\/2026\/01\/CT40.webp 800w\" sizes=\"(max-width: 768px) 100vw, 768px\" \/>\t\t\t\t\t\t\t\t\t\t\t\t\t\t\t<\/div>\n\t\t<div class=\"elementor-element elementor-element-1cce5f3 e-con-full e-flex e-con e-child\" data-id=\"1cce5f3\" data-element_type=\"container\" data-e-type=\"container\">\n\t\t\t\t<div class=\"elementor-element elementor-element-bac38f2 elementor-widget elementor-widget-heading\" data-id=\"bac38f2\" data-element_type=\"widget\" data-e-type=\"widget\" data-widget_type=\"heading.default\">\n\t\t\t\t\t<h2 class=\"elementor-heading-title elementor-size-default\">CT40<\/h2>\t\t\t\t<\/div>\n\t\t\t\t<div class=\"elementor-element elementor-element-bf8fce5 elementor-widget elementor-widget-text-editor\" data-id=\"bf8fce5\" data-element_type=\"widget\" data-e-type=\"widget\" data-widget_type=\"text-editor.default\">\n\t\t\t\t\t\t\t\t\t<p>Para estacionamentos, interiores de edifica\u00e7\u00f5es ou muros de conten\u00e7\u00e3o, escolha um de nossos vers\u00e1teis rolos vibrat\u00f3rios de tambor simples, como o CT40. Entre os rolos Corniver, \u00e9 o mais f\u00e1cil de manobrar.<\/p>\t\t\t\t\t\t\t\t<\/div>\n\t\t\t\t<div class=\"elementor-element elementor-element-64c674d elementor-widget elementor-widget-text-editor\" data-id=\"64c674d\" data-element_type=\"widget\" data-e-type=\"widget\" data-widget_type=\"text-editor.default\">\n\t\t\t\t\t\t\t\t\t<p><span style=\"white-space-collapse: preserve;\"><a href=\"https:\/\/corniver.com\/pt\/ct40\/\">Saiba mais sobre o CT40<\/a> <\/span><\/p>\t\t\t\t\t\t\t\t<\/div>\n\t\t\t\t<\/div>\n\t\t\t\t<\/div>\n\t\t<div class=\"elementor-element elementor-element-6510b6f e-grid e-con-full e-con e-child\" data-id=\"6510b6f\" data-element_type=\"container\" data-e-type=\"container\">\n\t\t\t\t<div class=\"elementor-element elementor-element-d65b24e elementor-widget elementor-widget-image\" data-id=\"d65b24e\" data-element_type=\"widget\" data-e-type=\"widget\" data-widget_type=\"image.default\">\n\t\t\t\t\t\t\t\t\t\t\t\t\t\t\t<img decoding=\"async\" width=\"768\" height=\"742\" src=\"https:\/\/corniver.com\/wp-content\/uploads\/2026\/01\/CT48-768x742.webp\" class=\"attachment-medium_large size-medium_large wp-image-909\" alt=\"\" srcset=\"https:\/\/corniver.com\/wp-content\/uploads\/2026\/01\/CT48-768x742.webp 768w, https:\/\/corniver.com\/wp-content\/uploads\/2026\/01\/CT48-300x290.webp 300w, https:\/\/corniver.com\/wp-content\/uploads\/2026\/01\/CT48-12x12.webp 12w, https:\/\/corniver.com\/wp-content\/uploads\/2026\/01\/CT48.webp 900w\" sizes=\"(max-width: 768px) 100vw, 768px\" \/>\t\t\t\t\t\t\t\t\t\t\t\t\t\t\t<\/div>\n\t\t<div class=\"elementor-element elementor-element-8d4fa7d e-con-full e-flex e-con e-child\" data-id=\"8d4fa7d\" data-element_type=\"container\" data-e-type=\"container\">\n\t\t\t\t<div class=\"elementor-element elementor-element-a8197e8 elementor-widget elementor-widget-heading\" data-id=\"a8197e8\" data-element_type=\"widget\" data-e-type=\"widget\" data-widget_type=\"heading.default\">\n\t\t\t\t\t<h2 class=\"elementor-heading-title elementor-size-default\">CT48<\/h2>\t\t\t\t<\/div>\n\t\t\t\t<div class=\"elementor-element elementor-element-94ea6b6 elementor-widget elementor-widget-text-editor\" data-id=\"94ea6b6\" data-element_type=\"widget\" data-e-type=\"widget\" data-widget_type=\"text-editor.default\">\n\t\t\t\t\t\t\t\t\t<p>Projetos de compacta\u00e7\u00e3o de solo e areia, assim como obras vi\u00e1rias e trabalhos em valas, s\u00e3o realizados com sucesso com o CT48. Os modelos CT48 s\u00e3o rolos de porte m\u00e9dio e alto desempenho, equipados com tecnologia avan\u00e7ada.<\/p>\t\t\t\t\t\t\t\t<\/div>\n\t\t\t\t<div class=\"elementor-element elementor-element-31a2121 elementor-widget elementor-widget-text-editor\" data-id=\"31a2121\" data-element_type=\"widget\" data-e-type=\"widget\" data-widget_type=\"text-editor.default\">\n\t\t\t\t\t\t\t\t\t<p><span style=\"white-space-collapse: preserve;\"><a href=\"https:\/\/corniver.com\/pt\/ct48\/\">Saiba mais sobre o CT48<\/a> <\/span><\/p>\t\t\t\t\t\t\t\t<\/div>\n\t\t\t\t<\/div>\n\t\t\t\t<\/div>\n\t\t<div class=\"elementor-element elementor-element-0041c79 e-grid e-con-full e-con e-child\" data-id=\"0041c79\" data-element_type=\"container\" data-e-type=\"container\">\n\t\t\t\t<div class=\"elementor-element elementor-element-a3a1874 elementor-widget elementor-widget-image\" data-id=\"a3a1874\" data-element_type=\"widget\" data-e-type=\"widget\" data-widget_type=\"image.default\">\n\t\t\t\t\t\t\t\t\t\t\t\t\t\t\t<img decoding=\"async\" width=\"768\" height=\"818\" src=\"https:\/\/corniver.com\/wp-content\/uploads\/2026\/01\/CT55-768x818.png\" class=\"attachment-medium_large size-medium_large wp-image-86\" alt=\"CT55 compactor\" srcset=\"https:\/\/corniver.com\/wp-content\/uploads\/2026\/01\/CT55-768x818.png 768w, https:\/\/corniver.com\/wp-content\/uploads\/2026\/01\/CT55-282x300.png 282w, https:\/\/corniver.com\/wp-content\/uploads\/2026\/01\/CT55.png 800w\" sizes=\"(max-width: 768px) 100vw, 768px\" \/>\t\t\t\t\t\t\t\t\t\t\t\t\t\t\t<\/div>\n\t\t<div class=\"elementor-element elementor-element-33968d2 e-con-full e-flex e-con e-child\" data-id=\"33968d2\" data-element_type=\"container\" data-e-type=\"container\">\n\t\t\t\t<div class=\"elementor-element elementor-element-1fd81f1 elementor-widget elementor-widget-heading\" data-id=\"1fd81f1\" data-element_type=\"widget\" data-e-type=\"widget\" data-widget_type=\"heading.default\">\n\t\t\t\t\t<h2 class=\"elementor-heading-title elementor-size-default\">CT55<\/h2>\t\t\t\t<\/div>\n\t\t\t\t<div class=\"elementor-element elementor-element-8041015 elementor-widget elementor-widget-text-editor\" data-id=\"8041015\" data-element_type=\"widget\" data-e-type=\"widget\" data-widget_type=\"text-editor.default\">\n\t\t\t\t\t\t\t\t\t<p>Para trabalhos de precis\u00e3o, escolha o rolo vibrat\u00f3rio que atende \u00e0s suas necessidades. O CT55 \u00e9 o nosso maior rolo vibrat\u00f3rio, totalmente capaz de entregar resultados excepcionais em projetos de compacta\u00e7\u00e3o de solo, vias de acesso e \u00e1reas de estacionamento.<\/p>\t\t\t\t\t\t\t\t<\/div>\n\t\t\t\t<div class=\"elementor-element elementor-element-26f1837 elementor-widget elementor-widget-text-editor\" data-id=\"26f1837\" data-element_type=\"widget\" data-e-type=\"widget\" data-widget_type=\"text-editor.default\">\n\t\t\t\t\t\t\t\t\t<p><span style=\"white-space-collapse: preserve;\"><a href=\"https:\/\/corniver.com\/pt\/ct55\/\">Saiba mais sobre o CT55<\/a> <\/span><\/p>\t\t\t\t\t\t\t\t<\/div>\n\t\t\t\t<\/div>\n\t\t\t\t<\/div>\n\t\t\t\t\t<\/div>\n\t\t\t\t<\/div>\n\t\t<div class=\"elementor-element elementor-element-8d6e621 e-flex e-con-boxed e-con e-parent\" data-id=\"8d6e621\" data-element_type=\"container\" data-e-type=\"container\" data-settings=\"{&quot;background_background&quot;:&quot;classic&quot;}\">\n\t\t\t\t\t<div class=\"e-con-inner\">\n\t\t<div class=\"elementor-element elementor-element-bf11c46 e-con-full e-flex e-con e-child\" data-id=\"bf11c46\" data-element_type=\"container\" data-e-type=\"container\" data-settings=\"{&quot;background_background&quot;:&quot;classic&quot;}\">\n\t\t\t\t<div class=\"elementor-element elementor-element-2a76365 elementor-widget elementor-widget-heading\" data-id=\"2a76365\" data-element_type=\"widget\" data-e-type=\"widget\" data-widget_type=\"heading.default\">\n\t\t\t\t\t<h2 class=\"elementor-heading-title elementor-size-default\">Saiba mais sobre os rolos CORNIVER<\/h2>\t\t\t\t<\/div>\n\t\t\t\t<div class=\"elementor-element elementor-element-15880b0 elementor-widget elementor-widget-text-editor\" data-id=\"15880b0\" data-element_type=\"widget\" data-e-type=\"widget\" data-widget_type=\"text-editor.default\">\n\t\t\t\t\t\t\t\t\t<p>Confira nosso blog, onde compartilhamos conte\u00fados relevantes que ajudam voc\u00ea a conhecer melhor quem somos.<\/p>\t\t\t\t\t\t\t\t<\/div>\n\t\t\t\t<div class=\"elementor-element elementor-element-fcbb2d8 elementor-align-center elementor-widget elementor-widget-button\" data-id=\"fcbb2d8\" data-element_type=\"widget\" data-e-type=\"widget\" data-widget_type=\"button.default\">\n\t\t\t\t\t\t\t\t\t\t<a class=\"elementor-button elementor-button-link elementor-size-sm\" href=\"https:\/\/corniver.com\/pt\/blog\/\">\n\t\t\t\t\t\t<span class=\"elementor-button-content-wrapper\">\n\t\t\t\t\t\t\t\t\t<span class=\"elementor-button-text\">Ver blog<\/span>\n\t\t\t\t\t<\/span>\n\t\t\t\t\t<\/a>\n\t\t\t\t\t\t\t\t<\/div>\n\t\t\t\t<\/div>\n\t\t\t\t\t<\/div>\n\t\t\t\t<\/div>\n\t\t\t\t<\/div>","protected":false},"excerpt":{"rendered":"<p>High-performance vibratory rollers Get superior compaction with a vibratory roller. Explore our range of models and features. Explore Engineered for Maximum Compaction, Safety, and Efficiency Obtain exceptional compaction performance with CORNIVER\u2019s ride-on vibratory rollers, engineered to outperform plate compactors and walk-behind rollers. Thanks to the state-of-the-art vibratory mechanism inside the drum, CORNIVER rollers even exceed [&hellip;]<\/p>\n","protected":false},"author":1,"featured_media":0,"parent":0,"menu_order":0,"comment_status":"closed","ping_status":"closed","template":"","meta":{"footnotes":""},"class_list":["post-94","page","type-page","status-publish","hentry"],"_links":{"self":[{"href":"https:\/\/corniver.com\/pt\/wp-json\/wp\/v2\/pages\/94","targetHints":{"allow":["GET"]}}],"collection":[{"href":"https:\/\/corniver.com\/pt\/wp-json\/wp\/v2\/pages"}],"about":[{"href":"https:\/\/corniver.com\/pt\/wp-json\/wp\/v2\/types\/page"}],"author":[{"embeddable":true,"href":"https:\/\/corniver.com\/pt\/wp-json\/wp\/v2\/users\/1"}],"replies":[{"embeddable":true,"href":"https:\/\/corniver.com\/pt\/wp-json\/wp\/v2\/comments?post=94"}],"version-history":[{"count":61,"href":"https:\/\/corniver.com\/pt\/wp-json\/wp\/v2\/pages\/94\/revisions"}],"predecessor-version":[{"id":922,"href":"https:\/\/corniver.com\/pt\/wp-json\/wp\/v2\/pages\/94\/revisions\/922"}],"wp:attachment":[{"href":"https:\/\/corniver.com\/pt\/wp-json\/wp\/v2\/media?parent=94"}],"curies":[{"name":"wp","href":"https:\/\/api.w.org\/{rel}","templated":true}]}}