{"id":94,"date":"2026-01-07T16:06:32","date_gmt":"2026-01-07T16:06:32","guid":{"rendered":"https:\/\/corniver.com\/?page_id=94"},"modified":"2026-01-30T19:41:06","modified_gmt":"2026-01-30T19:41:06","slug":"compactors","status":"publish","type":"page","link":"https:\/\/corniver.com\/fr\/compactors\/","title":{"rendered":"Compacteurs"},"content":{"rendered":"<div data-elementor-type=\"wp-page\" data-elementor-id=\"94\" class=\"elementor elementor-94\" data-elementor-post-type=\"page\">\n\t\t\t\t<div class=\"elementor-element elementor-element-4e9a1e4 e-flex e-con-boxed e-con e-parent\" data-id=\"4e9a1e4\" data-element_type=\"container\" data-e-type=\"container\" data-settings=\"{&quot;background_background&quot;:&quot;classic&quot;}\">\n\t\t\t\t\t<div class=\"e-con-inner\">\n\t\t<div class=\"elementor-element elementor-element-8669521 e-con-full e-flex e-con e-child\" data-id=\"8669521\" data-element_type=\"container\" data-e-type=\"container\">\n\t\t\t\t<div class=\"elementor-element elementor-element-761010c elementor-widget elementor-widget-heading\" data-id=\"761010c\" data-element_type=\"widget\" data-e-type=\"widget\" data-widget_type=\"heading.default\">\n\t\t\t\t\t<h1 class=\"elementor-heading-title elementor-size-default\">Rouleaux vibrants <br> haute performance<\/h1>\t\t\t\t<\/div>\n\t\t\t\t<div class=\"elementor-element elementor-element-aa66900 elementor-widget elementor-widget-text-editor\" data-id=\"aa66900\" data-element_type=\"widget\" data-e-type=\"widget\" data-widget_type=\"text-editor.default\">\n\t\t\t\t\t\t\t\t\t<p>Obtenez un compactage sup\u00e9rieur gr\u00e2ce \u00e0 un rouleau vibrant. D\u00e9couvrez notre gamme de mod\u00e8les et de caract\u00e9ristiques.<\/p>\t\t\t\t\t\t\t\t<\/div>\n\t\t\t\t<div class=\"elementor-element elementor-element-633a6db elementor-align-center elementor-widget elementor-widget-button\" data-id=\"633a6db\" data-element_type=\"widget\" data-e-type=\"widget\" data-widget_type=\"button.default\">\n\t\t\t\t\t\t\t\t\t\t<a class=\"elementor-button elementor-button-link elementor-size-sm\" href=\"#rollers\">\n\t\t\t\t\t\t<span class=\"elementor-button-content-wrapper\">\n\t\t\t\t\t\t\t\t\t<span class=\"elementor-button-text\">Explorer<\/span>\n\t\t\t\t\t<\/span>\n\t\t\t\t\t<\/a>\n\t\t\t\t\t\t\t\t<\/div>\n\t\t\t\t<\/div>\n\t\t\t\t\t<\/div>\n\t\t\t\t<\/div>\n\t\t<div class=\"elementor-element elementor-element-0931a2f e-flex e-con-boxed e-con e-parent\" data-id=\"0931a2f\" data-element_type=\"container\" data-e-type=\"container\">\n\t\t\t\t\t<div class=\"e-con-inner\">\n\t\t<div class=\"elementor-element elementor-element-c659a47 e-con-full e-flex e-con e-child\" data-id=\"c659a47\" data-element_type=\"container\" data-e-type=\"container\">\n\t\t\t\t<div class=\"elementor-element elementor-element-df55aef elementor-widget elementor-widget-heading\" data-id=\"df55aef\" data-element_type=\"widget\" data-e-type=\"widget\" data-widget_type=\"heading.default\">\n\t\t\t\t\t<h2 class=\"elementor-heading-title elementor-size-default\">CON\u00c7US POUR UNE COMPACTION, UNE S\u00c9CURIT\u00c9 ET UNE EFFICACIT\u00c9 MAXIMALES<\/h2>\t\t\t\t<\/div>\n\t\t\t\t<div class=\"elementor-element elementor-element-4f67829 elementor-widget elementor-widget-text-editor\" data-id=\"4f67829\" data-element_type=\"widget\" data-e-type=\"widget\" data-widget_type=\"text-editor.default\">\n\t\t\t\t\t\t\t\t\t<p>Obtenez une performance de compactage exceptionnelle avec les rouleaux vibrants autoport\u00e9s CORNIVER, con\u00e7us pour surpasser les plaques vibrantes et les rouleaux marche-arri\u00e8re. Gr\u00e2ce \u00e0 un syst\u00e8me de vibration de pointe dans le tambour, CORNIVER \u00e9tablit une nouvelle r\u00e9f\u00e9rence en mati\u00e8re de performance pour les mod\u00e8les \u00e0 tambour simple de grande largeur.<\/p><p>Notre gamme CT offre une solution pour chaque besoin de compactage, du <span style=\"text-decoration: underline;\"><a href=\"https:\/\/corniver.com\/fr\/ct55\/\">CT 55<\/a><\/span> pour une puissance maximale, aux <span style=\"text-decoration: underline;\"><a href=\"https:\/\/corniver.com\/fr\/ct40\/\">CT 40<\/a><\/span> et <a href=\"https:\/\/corniver.com\/fr\/ct48\/\"><span style=\"text-decoration: underline;\">CT 48<\/span><\/a> pour une maniabilit\u00e9 et une pr\u00e9cision exceptionnelles.<\/p><p>Chaque rouleau vibrant CORNIVER est con\u00e7u pour \u00eatre le plus court de sa cat\u00e9gorie (pour une maniabilit\u00e9 in\u00e9gal\u00e9e), le plus l\u00e9ger (pour un transport facile) et dot\u00e9 du centre de gravit\u00e9 le plus bas (pour une stabilit\u00e9 maximale), tout en offrant constamment une performance de compactage sup\u00e9rieure.<\/p>\t\t\t\t\t\t\t\t<\/div>\n\t\t\t\t<\/div>\n\t\t\t\t\t<\/div>\n\t\t\t\t<\/div>\n\t\t<div class=\"elementor-element elementor-element-5d1b3a1 e-flex e-con-boxed e-con e-parent\" data-id=\"5d1b3a1\" data-element_type=\"container\" data-e-type=\"container\" id=\"rollers\" data-settings=\"{&quot;background_background&quot;:&quot;classic&quot;}\">\n\t\t\t\t\t<div class=\"e-con-inner\">\n\t\t<div class=\"elementor-element elementor-element-d142ed2 e-grid e-con-full e-con e-child\" data-id=\"d142ed2\" data-element_type=\"container\" data-e-type=\"container\">\n\t\t\t\t<div class=\"elementor-element elementor-element-fc6234a elementor-widget elementor-widget-image\" data-id=\"fc6234a\" data-element_type=\"widget\" data-e-type=\"widget\" data-widget_type=\"image.default\">\n\t\t\t\t\t\t\t\t\t\t\t\t\t\t\t<img fetchpriority=\"high\" decoding=\"async\" width=\"768\" height=\"741\" src=\"https:\/\/corniver.com\/wp-content\/uploads\/2026\/01\/CT40-768x741.webp\" class=\"attachment-medium_large size-medium_large wp-image-908\" alt=\"\" srcset=\"https:\/\/corniver.com\/wp-content\/uploads\/2026\/01\/CT40-768x741.webp 768w, https:\/\/corniver.com\/wp-content\/uploads\/2026\/01\/CT40-300x290.webp 300w, https:\/\/corniver.com\/wp-content\/uploads\/2026\/01\/CT40-12x12.webp 12w, https:\/\/corniver.com\/wp-content\/uploads\/2026\/01\/CT40.webp 800w\" sizes=\"(max-width: 768px) 100vw, 768px\" \/>\t\t\t\t\t\t\t\t\t\t\t\t\t\t\t<\/div>\n\t\t<div class=\"elementor-element elementor-element-1cce5f3 e-con-full e-flex e-con e-child\" data-id=\"1cce5f3\" data-element_type=\"container\" data-e-type=\"container\">\n\t\t\t\t<div class=\"elementor-element elementor-element-bac38f2 elementor-widget elementor-widget-heading\" data-id=\"bac38f2\" data-element_type=\"widget\" data-e-type=\"widget\" data-widget_type=\"heading.default\">\n\t\t\t\t\t<h2 class=\"elementor-heading-title elementor-size-default\">CT40<\/h2>\t\t\t\t<\/div>\n\t\t\t\t<div class=\"elementor-element elementor-element-bf8fce5 elementor-widget elementor-widget-text-editor\" data-id=\"bf8fce5\" data-element_type=\"widget\" data-e-type=\"widget\" data-widget_type=\"text-editor.default\">\n\t\t\t\t\t\t\t\t\t<p>Pour le stationnement, les b\u00e2timents, les trottoirs ou les murs de sout\u00e8nement, choisissez l\u2019un de nos rouleaux vibrants \u00e0 tambour simple polyvalents comme le CT40. Parmi les rouleaux Corniver, c\u2019est le plus facile \u00e0 man\u0153uvrer.<\/p>\t\t\t\t\t\t\t\t<\/div>\n\t\t\t\t<div class=\"elementor-element elementor-element-64c674d elementor-widget elementor-widget-text-editor\" data-id=\"64c674d\" data-element_type=\"widget\" data-e-type=\"widget\" data-widget_type=\"text-editor.default\">\n\t\t\t\t\t\t\t\t\t<p><span style=\"white-space-collapse: preserve;\"><a href=\"https:\/\/corniver.com\/fr\/ct40\/\">En savoir plus sur le CT40<\/a> <\/span><\/p>\t\t\t\t\t\t\t\t<\/div>\n\t\t\t\t<\/div>\n\t\t\t\t<\/div>\n\t\t<div class=\"elementor-element elementor-element-6510b6f e-grid e-con-full e-con e-child\" data-id=\"6510b6f\" data-element_type=\"container\" data-e-type=\"container\">\n\t\t\t\t<div class=\"elementor-element elementor-element-d65b24e elementor-widget elementor-widget-image\" data-id=\"d65b24e\" data-element_type=\"widget\" data-e-type=\"widget\" data-widget_type=\"image.default\">\n\t\t\t\t\t\t\t\t\t\t\t\t\t\t\t<img decoding=\"async\" width=\"768\" height=\"742\" src=\"https:\/\/corniver.com\/wp-content\/uploads\/2026\/01\/CT48-768x742.webp\" class=\"attachment-medium_large size-medium_large wp-image-909\" alt=\"\" srcset=\"https:\/\/corniver.com\/wp-content\/uploads\/2026\/01\/CT48-768x742.webp 768w, https:\/\/corniver.com\/wp-content\/uploads\/2026\/01\/CT48-300x290.webp 300w, https:\/\/corniver.com\/wp-content\/uploads\/2026\/01\/CT48-12x12.webp 12w, https:\/\/corniver.com\/wp-content\/uploads\/2026\/01\/CT48.webp 900w\" sizes=\"(max-width: 768px) 100vw, 768px\" \/>\t\t\t\t\t\t\t\t\t\t\t\t\t\t\t<\/div>\n\t\t<div class=\"elementor-element elementor-element-8d4fa7d e-con-full e-flex e-con e-child\" data-id=\"8d4fa7d\" data-element_type=\"container\" data-e-type=\"container\">\n\t\t\t\t<div class=\"elementor-element elementor-element-a8197e8 elementor-widget elementor-widget-heading\" data-id=\"a8197e8\" data-element_type=\"widget\" data-e-type=\"widget\" data-widget_type=\"heading.default\">\n\t\t\t\t\t<h2 class=\"elementor-heading-title elementor-size-default\">CT48<\/h2>\t\t\t\t<\/div>\n\t\t\t\t<div class=\"elementor-element elementor-element-94ea6b6 elementor-widget elementor-widget-text-editor\" data-id=\"94ea6b6\" data-element_type=\"widget\" data-e-type=\"widget\" data-widget_type=\"text-editor.default\">\n\t\t\t\t\t\t\t\t\t<p>Les travaux de compactage de sol et de sable, ainsi que les routes et les tranch\u00e9es, sont r\u00e9alis\u00e9s avec succ\u00e8s gr\u00e2ce au CT48. Les mod\u00e8les CT48 sont des rouleaux vibrants de format interm\u00e9diaire, haute performance, \u00e9quip\u00e9s de technologies avanc\u00e9es.<\/p>\t\t\t\t\t\t\t\t<\/div>\n\t\t\t\t<div class=\"elementor-element elementor-element-31a2121 elementor-widget elementor-widget-text-editor\" data-id=\"31a2121\" data-element_type=\"widget\" data-e-type=\"widget\" data-widget_type=\"text-editor.default\">\n\t\t\t\t\t\t\t\t\t<p><span style=\"white-space-collapse: preserve;\"><a href=\"https:\/\/corniver.com\/fr\/ct48\/\">En savoir plus sur le CT48<\/a> <\/span><\/p>\t\t\t\t\t\t\t\t<\/div>\n\t\t\t\t<\/div>\n\t\t\t\t<\/div>\n\t\t<div class=\"elementor-element elementor-element-0041c79 e-grid e-con-full e-con e-child\" data-id=\"0041c79\" data-element_type=\"container\" data-e-type=\"container\">\n\t\t\t\t<div class=\"elementor-element elementor-element-a3a1874 elementor-widget elementor-widget-image\" data-id=\"a3a1874\" data-element_type=\"widget\" data-e-type=\"widget\" data-widget_type=\"image.default\">\n\t\t\t\t\t\t\t\t\t\t\t\t\t\t\t<img decoding=\"async\" width=\"768\" height=\"818\" src=\"https:\/\/corniver.com\/wp-content\/uploads\/2026\/01\/CT55-768x818.png\" class=\"attachment-medium_large size-medium_large wp-image-86\" alt=\"CT55 compactor\" srcset=\"https:\/\/corniver.com\/wp-content\/uploads\/2026\/01\/CT55-768x818.png 768w, https:\/\/corniver.com\/wp-content\/uploads\/2026\/01\/CT55-282x300.png 282w, https:\/\/corniver.com\/wp-content\/uploads\/2026\/01\/CT55.png 800w\" sizes=\"(max-width: 768px) 100vw, 768px\" \/>\t\t\t\t\t\t\t\t\t\t\t\t\t\t\t<\/div>\n\t\t<div class=\"elementor-element elementor-element-33968d2 e-con-full e-flex e-con e-child\" data-id=\"33968d2\" data-element_type=\"container\" data-e-type=\"container\">\n\t\t\t\t<div class=\"elementor-element elementor-element-1fd81f1 elementor-widget elementor-widget-heading\" data-id=\"1fd81f1\" data-element_type=\"widget\" data-e-type=\"widget\" data-widget_type=\"heading.default\">\n\t\t\t\t\t<h2 class=\"elementor-heading-title elementor-size-default\">CT55<\/h2>\t\t\t\t<\/div>\n\t\t\t\t<div class=\"elementor-element elementor-element-8041015 elementor-widget elementor-widget-text-editor\" data-id=\"8041015\" data-element_type=\"widget\" data-e-type=\"widget\" data-widget_type=\"text-editor.default\">\n\t\t\t\t\t\t\t\t\t<p>Pour les travaux de pr\u00e9cision, choisissez le rouleau vibrant qui r\u00e9pond \u00e0 vos besoins. Le CT55 est notre plus grand rouleau vibrant, enti\u00e8rement capable d\u2019offrir des r\u00e9sultats exceptionnels pour les projets de compactage de sol, les voies d\u2019acc\u00e8s et les aires de stationnement.<\/p>\t\t\t\t\t\t\t\t<\/div>\n\t\t\t\t<div class=\"elementor-element elementor-element-26f1837 elementor-widget elementor-widget-text-editor\" data-id=\"26f1837\" data-element_type=\"widget\" data-e-type=\"widget\" data-widget_type=\"text-editor.default\">\n\t\t\t\t\t\t\t\t\t<p><span style=\"white-space-collapse: preserve;\"><a href=\"https:\/\/corniver.com\/fr\/ct55\/\">En savoir plus sur le CT55<\/a> <\/span><\/p>\t\t\t\t\t\t\t\t<\/div>\n\t\t\t\t<\/div>\n\t\t\t\t<\/div>\n\t\t\t\t\t<\/div>\n\t\t\t\t<\/div>\n\t\t<div class=\"elementor-element elementor-element-8d6e621 e-flex e-con-boxed e-con e-parent\" data-id=\"8d6e621\" data-element_type=\"container\" data-e-type=\"container\" data-settings=\"{&quot;background_background&quot;:&quot;classic&quot;}\">\n\t\t\t\t\t<div class=\"e-con-inner\">\n\t\t<div class=\"elementor-element elementor-element-bf11c46 e-con-full e-flex e-con e-child\" data-id=\"bf11c46\" data-element_type=\"container\" data-e-type=\"container\" data-settings=\"{&quot;background_background&quot;:&quot;classic&quot;}\">\n\t\t\t\t<div class=\"elementor-element elementor-element-2a76365 elementor-widget elementor-widget-heading\" data-id=\"2a76365\" data-element_type=\"widget\" data-e-type=\"widget\" data-widget_type=\"heading.default\">\n\t\t\t\t\t<h2 class=\"elementor-heading-title elementor-size-default\">En apprendre davantage sur les rouleaux CORNIVER<\/h2>\t\t\t\t<\/div>\n\t\t\t\t<div class=\"elementor-element elementor-element-15880b0 elementor-widget elementor-widget-text-editor\" data-id=\"15880b0\" data-element_type=\"widget\" data-e-type=\"widget\" data-widget_type=\"text-editor.default\">\n\t\t\t\t\t\t\t\t\t<p>Consultez notre blogue, o\u00f9 nous partageons de l\u2019information pertinente pour vous aider \u00e0 mieux nous conna\u00eetre.<\/p>\t\t\t\t\t\t\t\t<\/div>\n\t\t\t\t<div class=\"elementor-element elementor-element-fcbb2d8 elementor-align-center elementor-widget elementor-widget-button\" data-id=\"fcbb2d8\" data-element_type=\"widget\" data-e-type=\"widget\" data-widget_type=\"button.default\">\n\t\t\t\t\t\t\t\t\t\t<a class=\"elementor-button elementor-button-link elementor-size-sm\" href=\"https:\/\/corniver.com\/fr\/blog\/\">\n\t\t\t\t\t\t<span class=\"elementor-button-content-wrapper\">\n\t\t\t\t\t\t\t\t\t<span class=\"elementor-button-text\">Voir le blogue<\/span>\n\t\t\t\t\t<\/span>\n\t\t\t\t\t<\/a>\n\t\t\t\t\t\t\t\t<\/div>\n\t\t\t\t<\/div>\n\t\t\t\t\t<\/div>\n\t\t\t\t<\/div>\n\t\t\t\t<\/div>","protected":false},"excerpt":{"rendered":"<p>High-performance vibratory rollers Get superior compaction with a vibratory roller. Explore our range of models and features. Explore Engineered for Maximum Compaction, Safety, and Efficiency Obtain exceptional compaction performance with CORNIVER\u2019s ride-on vibratory rollers, engineered to outperform plate compactors and walk-behind rollers. Thanks to the state-of-the-art vibratory mechanism inside the drum, CORNIVER rollers even exceed [&hellip;]<\/p>\n","protected":false},"author":1,"featured_media":0,"parent":0,"menu_order":0,"comment_status":"closed","ping_status":"closed","template":"","meta":{"footnotes":""},"class_list":["post-94","page","type-page","status-publish","hentry"],"_links":{"self":[{"href":"https:\/\/corniver.com\/fr\/wp-json\/wp\/v2\/pages\/94","targetHints":{"allow":["GET"]}}],"collection":[{"href":"https:\/\/corniver.com\/fr\/wp-json\/wp\/v2\/pages"}],"about":[{"href":"https:\/\/corniver.com\/fr\/wp-json\/wp\/v2\/types\/page"}],"author":[{"embeddable":true,"href":"https:\/\/corniver.com\/fr\/wp-json\/wp\/v2\/users\/1"}],"replies":[{"embeddable":true,"href":"https:\/\/corniver.com\/fr\/wp-json\/wp\/v2\/comments?post=94"}],"version-history":[{"count":61,"href":"https:\/\/corniver.com\/fr\/wp-json\/wp\/v2\/pages\/94\/revisions"}],"predecessor-version":[{"id":922,"href":"https:\/\/corniver.com\/fr\/wp-json\/wp\/v2\/pages\/94\/revisions\/922"}],"wp:attachment":[{"href":"https:\/\/corniver.com\/fr\/wp-json\/wp\/v2\/media?parent=94"}],"curies":[{"name":"wp","href":"https:\/\/api.w.org\/{rel}","templated":true}]}}