{"id":94,"date":"2026-01-07T16:06:32","date_gmt":"2026-01-07T16:06:32","guid":{"rendered":"https:\/\/corniver.com\/?page_id=94"},"modified":"2026-01-30T19:41:06","modified_gmt":"2026-01-30T19:41:06","slug":"compactors","status":"publish","type":"page","link":"https:\/\/corniver.com\/es\/compactors\/","title":{"rendered":"Compactadores"},"content":{"rendered":"<div data-elementor-type=\"wp-page\" data-elementor-id=\"94\" class=\"elementor elementor-94\" data-elementor-post-type=\"page\">\n\t\t\t\t<div class=\"elementor-element elementor-element-4e9a1e4 e-flex e-con-boxed e-con e-parent\" data-id=\"4e9a1e4\" data-element_type=\"container\" data-e-type=\"container\" data-settings=\"{&quot;background_background&quot;:&quot;classic&quot;}\">\n\t\t\t\t\t<div class=\"e-con-inner\">\n\t\t<div class=\"elementor-element elementor-element-8669521 e-con-full e-flex e-con e-child\" data-id=\"8669521\" data-element_type=\"container\" data-e-type=\"container\">\n\t\t\t\t<div class=\"elementor-element elementor-element-761010c elementor-widget elementor-widget-heading\" data-id=\"761010c\" data-element_type=\"widget\" data-e-type=\"widget\" data-widget_type=\"heading.default\">\n\t\t\t\t\t<h1 class=\"elementor-heading-title elementor-size-default\">Rodillos vibratorios <br> de alto rendimiento<\/h1>\t\t\t\t<\/div>\n\t\t\t\t<div class=\"elementor-element elementor-element-aa66900 elementor-widget elementor-widget-text-editor\" data-id=\"aa66900\" data-element_type=\"widget\" data-e-type=\"widget\" data-widget_type=\"text-editor.default\">\n\t\t\t\t\t\t\t\t\t<p>Obt\u00e9n una compactaci\u00f3n superior con un rodillo vibratorio. Explora nuestra gama de modelos y caracter\u00edsticas.<\/p>\t\t\t\t\t\t\t\t<\/div>\n\t\t\t\t<div class=\"elementor-element elementor-element-633a6db elementor-align-center elementor-widget elementor-widget-button\" data-id=\"633a6db\" data-element_type=\"widget\" data-e-type=\"widget\" data-widget_type=\"button.default\">\n\t\t\t\t\t\t\t\t\t\t<a class=\"elementor-button elementor-button-link elementor-size-sm\" href=\"#rollers\">\n\t\t\t\t\t\t<span class=\"elementor-button-content-wrapper\">\n\t\t\t\t\t\t\t\t\t<span class=\"elementor-button-text\">Explorar<\/span>\n\t\t\t\t\t<\/span>\n\t\t\t\t\t<\/a>\n\t\t\t\t\t\t\t\t<\/div>\n\t\t\t\t<\/div>\n\t\t\t\t\t<\/div>\n\t\t\t\t<\/div>\n\t\t<div class=\"elementor-element elementor-element-0931a2f e-flex e-con-boxed e-con e-parent\" data-id=\"0931a2f\" data-element_type=\"container\" data-e-type=\"container\">\n\t\t\t\t\t<div class=\"e-con-inner\">\n\t\t<div class=\"elementor-element elementor-element-c659a47 e-con-full e-flex e-con e-child\" data-id=\"c659a47\" data-element_type=\"container\" data-e-type=\"container\">\n\t\t\t\t<div class=\"elementor-element elementor-element-df55aef elementor-widget elementor-widget-heading\" data-id=\"df55aef\" data-element_type=\"widget\" data-e-type=\"widget\" data-widget_type=\"heading.default\">\n\t\t\t\t\t<h2 class=\"elementor-heading-title elementor-size-default\">DISE\u00d1ADOS PARA M\u00c1XIMA COMPACTACI\u00d3N, SEGURIDAD Y EFICIENCIA<\/h2>\t\t\t\t<\/div>\n\t\t\t\t<div class=\"elementor-element elementor-element-4f67829 elementor-widget elementor-widget-text-editor\" data-id=\"4f67829\" data-element_type=\"widget\" data-e-type=\"widget\" data-widget_type=\"text-editor.default\">\n\t\t\t\t\t\t\t\t\t<p>Obt\u00e9n un desempe\u00f1o excepcional de compactaci\u00f3n con los rodillos vibratorios de operador a bordo de CORNIVER, dise\u00f1ados para superar a las compactadoras de placa y a los rodillos de empuje. Gracias a su mecanismo vibratorio de \u00faltima generaci\u00f3n y a sus tambores de mayor ancho, los rodillos CORNIVER establecen nuevos est\u00e1ndares de rendimiento.<\/p><p>Nuestra serie CT ofrece una soluci\u00f3n para cada necesidad de compactaci\u00f3n: desde el <span style=\"text-decoration: underline;\"><a href=\"https:\/\/corniver.com\/es\/ct55\/\">CT 55<\/a><\/span> para m\u00e1xima potencia, hasta los <span style=\"text-decoration: underline;\"><a href=\"https:\/\/corniver.com\/es\/ct40\/\">CT 40<\/a><\/span> y <a href=\"https:\/\/corniver.com\/es\/ct48\/\"><span style=\"text-decoration: underline;\">CT 48<\/span><\/a> por su excelente maniobrabilidad y precisi\u00f3n.<\/p><p>Cada rodillo vibratorio CORNIVER est\u00e1 dise\u00f1ado para ser el m\u00e1s corto (para una maniobrabilidad inigualable), el m\u00e1s ligero (para un transporte m\u00e1s sencillo) y con el centro de gravedad m\u00e1s bajo (para m\u00e1xima estabilidad) de su categor\u00eda, entregando de forma constante el mayor desempe\u00f1o de compactaci\u00f3n.<\/p>\t\t\t\t\t\t\t\t<\/div>\n\t\t\t\t<\/div>\n\t\t\t\t\t<\/div>\n\t\t\t\t<\/div>\n\t\t<div class=\"elementor-element elementor-element-5d1b3a1 e-flex e-con-boxed e-con e-parent\" data-id=\"5d1b3a1\" data-element_type=\"container\" data-e-type=\"container\" id=\"rollers\" data-settings=\"{&quot;background_background&quot;:&quot;classic&quot;}\">\n\t\t\t\t\t<div class=\"e-con-inner\">\n\t\t<div class=\"elementor-element elementor-element-d142ed2 e-grid e-con-full e-con e-child\" data-id=\"d142ed2\" data-element_type=\"container\" data-e-type=\"container\">\n\t\t\t\t<div class=\"elementor-element elementor-element-fc6234a elementor-widget elementor-widget-image\" data-id=\"fc6234a\" data-element_type=\"widget\" data-e-type=\"widget\" data-widget_type=\"image.default\">\n\t\t\t\t\t\t\t\t\t\t\t\t\t\t\t<img fetchpriority=\"high\" decoding=\"async\" width=\"768\" height=\"741\" src=\"https:\/\/corniver.com\/wp-content\/uploads\/2026\/01\/CT40-768x741.webp\" class=\"attachment-medium_large size-medium_large wp-image-908\" alt=\"\" srcset=\"https:\/\/corniver.com\/wp-content\/uploads\/2026\/01\/CT40-768x741.webp 768w, https:\/\/corniver.com\/wp-content\/uploads\/2026\/01\/CT40-300x290.webp 300w, https:\/\/corniver.com\/wp-content\/uploads\/2026\/01\/CT40-12x12.webp 12w, https:\/\/corniver.com\/wp-content\/uploads\/2026\/01\/CT40.webp 800w\" sizes=\"(max-width: 768px) 100vw, 768px\" \/>\t\t\t\t\t\t\t\t\t\t\t\t\t\t\t<\/div>\n\t\t<div class=\"elementor-element elementor-element-1cce5f3 e-con-full e-flex e-con e-child\" data-id=\"1cce5f3\" data-element_type=\"container\" data-e-type=\"container\">\n\t\t\t\t<div class=\"elementor-element elementor-element-bac38f2 elementor-widget elementor-widget-heading\" data-id=\"bac38f2\" data-element_type=\"widget\" data-e-type=\"widget\" data-widget_type=\"heading.default\">\n\t\t\t\t\t<h2 class=\"elementor-heading-title elementor-size-default\">CT40<\/h2>\t\t\t\t<\/div>\n\t\t\t\t<div class=\"elementor-element elementor-element-bf8fce5 elementor-widget elementor-widget-text-editor\" data-id=\"bf8fce5\" data-element_type=\"widget\" data-e-type=\"widget\" data-widget_type=\"text-editor.default\">\n\t\t\t\t\t\t\t\t\t<p>Para \u00e1reas de estacionamiento, muros de contenci\u00f3n o zanjas, elige uno de nuestros rodillos vibratorios de un solo tambor, como el CT40. Entre los rodillos CORNIVER, es el m\u00e1s f\u00e1cil de maniobrar.<\/p>\t\t\t\t\t\t\t\t<\/div>\n\t\t\t\t<div class=\"elementor-element elementor-element-64c674d elementor-widget elementor-widget-text-editor\" data-id=\"64c674d\" data-element_type=\"widget\" data-e-type=\"widget\" data-widget_type=\"text-editor.default\">\n\t\t\t\t\t\t\t\t\t<p><span style=\"white-space-collapse: preserve;\"><a href=\"https:\/\/corniver.com\/es\/ct40\/\">Conoce m\u00e1s sobre el CT40<\/a> <\/span><\/p>\t\t\t\t\t\t\t\t<\/div>\n\t\t\t\t<\/div>\n\t\t\t\t<\/div>\n\t\t<div class=\"elementor-element elementor-element-6510b6f e-grid e-con-full e-con e-child\" data-id=\"6510b6f\" data-element_type=\"container\" data-e-type=\"container\">\n\t\t\t\t<div class=\"elementor-element elementor-element-d65b24e elementor-widget elementor-widget-image\" data-id=\"d65b24e\" data-element_type=\"widget\" data-e-type=\"widget\" data-widget_type=\"image.default\">\n\t\t\t\t\t\t\t\t\t\t\t\t\t\t\t<img decoding=\"async\" width=\"768\" height=\"742\" src=\"https:\/\/corniver.com\/wp-content\/uploads\/2026\/01\/CT48-768x742.webp\" class=\"attachment-medium_large size-medium_large wp-image-909\" alt=\"\" srcset=\"https:\/\/corniver.com\/wp-content\/uploads\/2026\/01\/CT48-768x742.webp 768w, https:\/\/corniver.com\/wp-content\/uploads\/2026\/01\/CT48-300x290.webp 300w, https:\/\/corniver.com\/wp-content\/uploads\/2026\/01\/CT48-12x12.webp 12w, https:\/\/corniver.com\/wp-content\/uploads\/2026\/01\/CT48.webp 900w\" sizes=\"(max-width: 768px) 100vw, 768px\" \/>\t\t\t\t\t\t\t\t\t\t\t\t\t\t\t<\/div>\n\t\t<div class=\"elementor-element elementor-element-8d4fa7d e-con-full e-flex e-con e-child\" data-id=\"8d4fa7d\" data-element_type=\"container\" data-e-type=\"container\">\n\t\t\t\t<div class=\"elementor-element elementor-element-a8197e8 elementor-widget elementor-widget-heading\" data-id=\"a8197e8\" data-element_type=\"widget\" data-e-type=\"widget\" data-widget_type=\"heading.default\">\n\t\t\t\t\t<h2 class=\"elementor-heading-title elementor-size-default\">CT48<\/h2>\t\t\t\t<\/div>\n\t\t\t\t<div class=\"elementor-element elementor-element-94ea6b6 elementor-widget elementor-widget-text-editor\" data-id=\"94ea6b6\" data-element_type=\"widget\" data-e-type=\"widget\" data-widget_type=\"text-editor.default\">\n\t\t\t\t\t\t\t\t\t<p>Los proyectos de compactaci\u00f3n de suelo y arena, as\u00ed como obras viales y de zanjas, se realizan con \u00e9xito con el CT48. Los modelos CT48 son rodillos de tama\u00f1o medio y alto rendimiento, equipados con tecnolog\u00eda avanzada.<\/p>\t\t\t\t\t\t\t\t<\/div>\n\t\t\t\t<div class=\"elementor-element elementor-element-31a2121 elementor-widget elementor-widget-text-editor\" data-id=\"31a2121\" data-element_type=\"widget\" data-e-type=\"widget\" data-widget_type=\"text-editor.default\">\n\t\t\t\t\t\t\t\t\t<p><span style=\"white-space-collapse: preserve;\"><a href=\"https:\/\/corniver.com\/es\/ct48\/\">Conoce m\u00e1s sobre el CT48<\/a> <\/span><\/p>\t\t\t\t\t\t\t\t<\/div>\n\t\t\t\t<\/div>\n\t\t\t\t<\/div>\n\t\t<div class=\"elementor-element elementor-element-0041c79 e-grid e-con-full e-con e-child\" data-id=\"0041c79\" data-element_type=\"container\" data-e-type=\"container\">\n\t\t\t\t<div class=\"elementor-element elementor-element-a3a1874 elementor-widget elementor-widget-image\" data-id=\"a3a1874\" data-element_type=\"widget\" data-e-type=\"widget\" data-widget_type=\"image.default\">\n\t\t\t\t\t\t\t\t\t\t\t\t\t\t\t<img decoding=\"async\" width=\"768\" height=\"818\" src=\"https:\/\/corniver.com\/wp-content\/uploads\/2026\/01\/CT55-768x818.png\" class=\"attachment-medium_large size-medium_large wp-image-86\" alt=\"CT55 compactor\" srcset=\"https:\/\/corniver.com\/wp-content\/uploads\/2026\/01\/CT55-768x818.png 768w, https:\/\/corniver.com\/wp-content\/uploads\/2026\/01\/CT55-282x300.png 282w, https:\/\/corniver.com\/wp-content\/uploads\/2026\/01\/CT55.png 800w\" sizes=\"(max-width: 768px) 100vw, 768px\" \/>\t\t\t\t\t\t\t\t\t\t\t\t\t\t\t<\/div>\n\t\t<div class=\"elementor-element elementor-element-33968d2 e-con-full e-flex e-con e-child\" data-id=\"33968d2\" data-element_type=\"container\" data-e-type=\"container\">\n\t\t\t\t<div class=\"elementor-element elementor-element-1fd81f1 elementor-widget elementor-widget-heading\" data-id=\"1fd81f1\" data-element_type=\"widget\" data-e-type=\"widget\" data-widget_type=\"heading.default\">\n\t\t\t\t\t<h2 class=\"elementor-heading-title elementor-size-default\">CT55<\/h2>\t\t\t\t<\/div>\n\t\t\t\t<div class=\"elementor-element elementor-element-8041015 elementor-widget elementor-widget-text-editor\" data-id=\"8041015\" data-element_type=\"widget\" data-e-type=\"widget\" data-widget_type=\"text-editor.default\">\n\t\t\t\t\t\t\t\t\t<p>Para trabajos de precisi\u00f3n, elige el rodillo vibratorio que mejor se adapte a tus necesidades. El CT55 es nuestro rodillo vibratorio m\u00e1s grande, totalmente capaz de ofrecer resultados sobresalientes en proyectos de compactaci\u00f3n de suelos, vialidades de conexi\u00f3n y \u00e1reas de estacionamiento.<\/p>\t\t\t\t\t\t\t\t<\/div>\n\t\t\t\t<div class=\"elementor-element elementor-element-26f1837 elementor-widget elementor-widget-text-editor\" data-id=\"26f1837\" data-element_type=\"widget\" data-e-type=\"widget\" data-widget_type=\"text-editor.default\">\n\t\t\t\t\t\t\t\t\t<p><span style=\"white-space-collapse: preserve;\"><a href=\"https:\/\/corniver.com\/es\/ct55\/\">Conoce m\u00e1s sobre el CT55<\/a> <\/span><\/p>\t\t\t\t\t\t\t\t<\/div>\n\t\t\t\t<\/div>\n\t\t\t\t<\/div>\n\t\t\t\t\t<\/div>\n\t\t\t\t<\/div>\n\t\t<div class=\"elementor-element elementor-element-8d6e621 e-flex e-con-boxed e-con e-parent\" data-id=\"8d6e621\" data-element_type=\"container\" data-e-type=\"container\" data-settings=\"{&quot;background_background&quot;:&quot;classic&quot;}\">\n\t\t\t\t\t<div class=\"e-con-inner\">\n\t\t<div class=\"elementor-element elementor-element-bf11c46 e-con-full e-flex e-con e-child\" data-id=\"bf11c46\" data-element_type=\"container\" data-e-type=\"container\" data-settings=\"{&quot;background_background&quot;:&quot;classic&quot;}\">\n\t\t\t\t<div class=\"elementor-element elementor-element-2a76365 elementor-widget elementor-widget-heading\" data-id=\"2a76365\" data-element_type=\"widget\" data-e-type=\"widget\" data-widget_type=\"heading.default\">\n\t\t\t\t\t<h2 class=\"elementor-heading-title elementor-size-default\">Conoce m\u00e1s sobre los rodillos CORNIVER<\/h2>\t\t\t\t<\/div>\n\t\t\t\t<div class=\"elementor-element elementor-element-15880b0 elementor-widget elementor-widget-text-editor\" data-id=\"15880b0\" data-element_type=\"widget\" data-e-type=\"widget\" data-widget_type=\"text-editor.default\">\n\t\t\t\t\t\t\t\t\t<p>Visita nuestro blog, donde compartimos informaci\u00f3n interesante que te ayudar\u00e1 a conocernos mejor.<\/p>\t\t\t\t\t\t\t\t<\/div>\n\t\t\t\t<div class=\"elementor-element elementor-element-fcbb2d8 elementor-align-center elementor-widget elementor-widget-button\" data-id=\"fcbb2d8\" data-element_type=\"widget\" data-e-type=\"widget\" data-widget_type=\"button.default\">\n\t\t\t\t\t\t\t\t\t\t<a class=\"elementor-button elementor-button-link elementor-size-sm\" href=\"https:\/\/corniver.com\/es\/blog\/\">\n\t\t\t\t\t\t<span class=\"elementor-button-content-wrapper\">\n\t\t\t\t\t\t\t\t\t<span class=\"elementor-button-text\">Ver blog<\/span>\n\t\t\t\t\t<\/span>\n\t\t\t\t\t<\/a>\n\t\t\t\t\t\t\t\t<\/div>\n\t\t\t\t<\/div>\n\t\t\t\t\t<\/div>\n\t\t\t\t<\/div>\n\t\t\t\t<\/div>","protected":false},"excerpt":{"rendered":"<p>High-performance vibratory rollers Get superior compaction with a vibratory roller. Explore our range of models and features. Explore Engineered for Maximum Compaction, Safety, and Efficiency Obtain exceptional compaction performance with CORNIVER\u2019s ride-on vibratory rollers, engineered to outperform plate compactors and walk-behind rollers. Thanks to the state-of-the-art vibratory mechanism inside the drum, CORNIVER rollers even exceed [&hellip;]<\/p>\n","protected":false},"author":1,"featured_media":0,"parent":0,"menu_order":0,"comment_status":"closed","ping_status":"closed","template":"","meta":{"footnotes":""},"class_list":["post-94","page","type-page","status-publish","hentry"],"_links":{"self":[{"href":"https:\/\/corniver.com\/es\/wp-json\/wp\/v2\/pages\/94","targetHints":{"allow":["GET"]}}],"collection":[{"href":"https:\/\/corniver.com\/es\/wp-json\/wp\/v2\/pages"}],"about":[{"href":"https:\/\/corniver.com\/es\/wp-json\/wp\/v2\/types\/page"}],"author":[{"embeddable":true,"href":"https:\/\/corniver.com\/es\/wp-json\/wp\/v2\/users\/1"}],"replies":[{"embeddable":true,"href":"https:\/\/corniver.com\/es\/wp-json\/wp\/v2\/comments?post=94"}],"version-history":[{"count":61,"href":"https:\/\/corniver.com\/es\/wp-json\/wp\/v2\/pages\/94\/revisions"}],"predecessor-version":[{"id":922,"href":"https:\/\/corniver.com\/es\/wp-json\/wp\/v2\/pages\/94\/revisions\/922"}],"wp:attachment":[{"href":"https:\/\/corniver.com\/es\/wp-json\/wp\/v2\/media?parent=94"}],"curies":[{"name":"wp","href":"https:\/\/api.w.org\/{rel}","templated":true}]}}